{"id":284,"date":"2018-04-28T00:10:05","date_gmt":"2018-04-27T22:10:05","guid":{"rendered":"https:\/\/iaaa.lis-lab.fr\/?page_id=284"},"modified":"2018-05-02T19:23:02","modified_gmt":"2018-05-02T17:23:02","slug":"stages","status":"publish","type":"page","link":"https:\/\/iaaa.lis-lab.fr\/?page_id=284","title":{"rendered":"Stages"},"content":{"rendered":"<p>La formation IAAA \u00e9tant nouvelle, il n&rsquo;y a pas d&rsquo;historique des stages pass\u00e9s. Pour vous donner n\u00e9anmoins une id\u00e9e des stages que vous pourriez choisir si vous suivez le parcours IAAA, nous avons compil\u00e9 une liste de stages r\u00e9alis\u00e9s dans nos formations actuelles de master ces derni\u00e8res ann\u00e9es, et sur les th\u00e9matiques du parcours IAAA.<\/p>\n<p>&nbsp;<\/p>\n<h3>Stages de M1<\/h3>\n<h4>Th\u00e8me Machine Learning<\/h4>\n<ul>\n<li style=\"font-weight: 400;\"><span style=\"font-weight: 400;\">2017, Classification automatique de machines \u00e0 \u00e9crire pour la police scientifique, LIS &#8211; QARMA<\/span><\/li>\n<\/ul>\n<p>&nbsp;<\/p>\n<h4>Th\u00e8me Deep Learning<\/h4>\n<ul>\n<li style=\"font-weight: 400;\"><span style=\"font-weight: 400;\">2018, Deep learning for image denoising, LIS &#8211; QARMA<\/span><\/li>\n<li style=\"font-weight: 400;\"><span style=\"font-weight: 400;\">2018, Explicabilit\u00e9 dans les r\u00e9seaux neuronaux, LIS &#8211; QARMA<\/span><\/li>\n<\/ul>\n<p>&nbsp;<\/p>\n<h4>Th\u00e8me Natural Language Processing<\/h4>\n<p>&nbsp;<\/p>\n<p>&nbsp;<\/p>\n<h3>Stages de M2<\/h3>\n<h4>Th\u00e8me Machine Learning<\/h4>\n<ul>\n<li style=\"font-weight: 400;\"><span style=\"font-weight: 400;\">2015, S\u00e9lection de variables \u00e0 l\u2019aide d\u2019arbres de d\u00e9cision, Pierre Geurts, Universit\u00e9 de Li\u00e8ge<\/span><\/li>\n<li style=\"font-weight: 400;\">2014, M\u00e9thodes ensemblistes pour l\u2019apprentissage inter-sujets en IRM fonctionnelle, QARMA, LIS<\/li>\n<\/ul>\n<p>&nbsp;<\/p>\n<h4>Th\u00e8me Deep Learning<\/h4>\n<ul>\n<li><span style=\"font-weight: 400;\">2018, Extraction d&rsquo;un automate \u00e0 partir d&rsquo;un r\u00e9seau de neurones, LIS &#8211; QARMA<\/span><\/li>\n<li><span style=\"font-weight: 400;\">2017, Deep Learning et NeuroImagerie, LIS &#8211; QARMA<\/span><\/li>\n<li><span style=\"font-weight: 400;\">2017, D\u00e9composition tensorielles de faibles rang pour les r\u00e9seaux de neurones, LIS &#8211; QARMA<\/span><\/li>\n<\/ul>\n<p>&nbsp;<\/p>\n<h4>Th\u00e8me Natural Language Processing<\/h4>\n<p>&nbsp;<\/p>\n<p>&nbsp;<\/p>\n","protected":false},"excerpt":{"rendered":"<p>La formation IAAA \u00e9tant nouvelle, il n&rsquo;y a pas d&rsquo;historique des stages pass\u00e9s. Pour vous donner n\u00e9anmoins une id\u00e9e des stages que vous pourriez choisir si vous suivez le parcours IAAA, nous avons compil\u00e9 une liste de stages r\u00e9alis\u00e9s dans nos formations actuelles de master ces derni\u00e8res ann\u00e9es, et sur les th\u00e9matiques du parcours IAAA.&hellip;<\/p>\n","protected":false},"author":3,"featured_media":0,"parent":0,"menu_order":0,"comment_status":"closed","ping_status":"closed","template":"","meta":{"footnotes":""},"class_list":["post-284","page","type-page","status-publish","hentry"],"_links":{"self":[{"href":"https:\/\/iaaa.lis-lab.fr\/index.php?rest_route=\/wp\/v2\/pages\/284","targetHints":{"allow":["GET"]}}],"collection":[{"href":"https:\/\/iaaa.lis-lab.fr\/index.php?rest_route=\/wp\/v2\/pages"}],"about":[{"href":"https:\/\/iaaa.lis-lab.fr\/index.php?rest_route=\/wp\/v2\/types\/page"}],"author":[{"embeddable":true,"href":"https:\/\/iaaa.lis-lab.fr\/index.php?rest_route=\/wp\/v2\/users\/3"}],"replies":[{"embeddable":true,"href":"https:\/\/iaaa.lis-lab.fr\/index.php?rest_route=%2Fwp%2Fv2%2Fcomments&post=284"}],"version-history":[{"count":7,"href":"https:\/\/iaaa.lis-lab.fr\/index.php?rest_route=\/wp\/v2\/pages\/284\/revisions"}],"predecessor-version":[{"id":320,"href":"https:\/\/iaaa.lis-lab.fr\/index.php?rest_route=\/wp\/v2\/pages\/284\/revisions\/320"}],"wp:attachment":[{"href":"https:\/\/iaaa.lis-lab.fr\/index.php?rest_route=%2Fwp%2Fv2%2Fmedia&parent=284"}],"curies":[{"name":"wp","href":"https:\/\/api.w.org\/{rel}","templated":true}]}}