{"id":40,"date":"2018-04-26T05:14:16","date_gmt":"2018-04-26T03:14:16","guid":{"rendered":"https:\/\/iaaa.lis-lab.fr\/?page_id=40"},"modified":"2021-10-29T10:57:25","modified_gmt":"2021-10-29T08:57:25","slug":"accueil","status":"publish","type":"page","link":"https:\/\/iaaa.lis-lab.fr\/?page_id=40","title":{"rendered":"Pr\u00e9sentation"},"content":{"rendered":"<h2><img loading=\"lazy\" decoding=\"async\" class=\"aligncenter size-full wp-image-27\" src=\"https:\/\/iaaa.lis-lab.fr\/wp-content\/uploads\/2018\/04\/woman-506322_1920.jpg\" alt=\"\" width=\"1920\" height=\"1357\"><\/h2>\n<h2><\/h2>\n<h2>Objectifs<\/h2>\n<p>Le parcours <em>Intelligence Artificielle et Apprentissage Automatique<\/em> (IAAA) introduit les avanc\u00e9es les plus r\u00e9centes en intelligence artificielle et forme \u00e0 l&rsquo;exploitation des m\u00e9thodes et techniques associ\u00e9es dans des applications innovantes. Les th\u00e8mes abord\u00e9s sont <strong>l&rsquo;apprentissage automatique<\/strong> (machine learning), <strong>l\u2019apprentissage profond<\/strong> (deep learning), le <strong>traitement automatique du langage naturel<\/strong> (NLP), la <strong>mod\u00e9lisation et de la r\u00e9solution de probl\u00e8mes<\/strong> \u00e0 base de contraintes, et la repr\u00e9sentation et le traitement des connaissances. Ces th\u00e8mes s\u2019inscrivent notamment dans le cadre de la science des donn\u00e9es et de l\u2019informatique fondamentale.<\/p>\n<h2>L&rsquo;environnement<\/h2>\n<p>Le parcours IAAA est un parcours du <a href=\"https:\/\/formations.univ-amu.fr\/ME5SIN.html\">master d&rsquo;informatique<\/a>&nbsp;de l&rsquo;universit\u00e9 d&rsquo;Aix-Marseille (AMU).&nbsp; Des informations additionnelles sur le master d&rsquo;informatique et sur le parcours IAAA (descriptifs d&rsquo;UEs etc) puevent \u00eatre trouv\u00e9s sur le <a href=\"https:\/\/formations.univ-amu.fr\/ME5SIN-PRSIN5AC.html\">site du parcours<\/a>.<\/p>\n<p>Il est <strong>principalement adoss\u00e9 aux \u00e9quipes de recherche&nbsp;<a href=\"https:\/\/qarma.lis-lab.fr\/\">QARMA<\/a>, <a href=\"http:\/\/www.lis-lab.fr\/talep\/\">TALEP<\/a>&nbsp;du <a href=\"http:\/\/www.lis-lab.fr\/\">Laboratoire d\u2019Informatique et Syst\u00e8mes (LIS)<\/a>&nbsp;et dans une moindre mesure \u00e0 l&rsquo;\u00e9quipe&nbsp;<a href=\"http:\/\/www.lis-lab.fr\/coala\/\">COALA<\/a>&nbsp;du LIS<\/strong>.&nbsp; De nombreux contenus font appel aux travaux de recherche de ces \u00e9quipes.<\/p>\n<p>Le parcours IAAA est <strong>un parcours Pro ET Recherche.<\/strong>&nbsp;Il est&nbsp;<strong>fortement orient\u00e9 \u00ab recherche \u00bb et \u00ab recherche et d\u00e9veloppement \u00bb<\/strong> avec de forts d\u00e9bouch\u00e9s en th\u00e8se ainsi qu&rsquo;en entreprise au sein de projets innovants reposant sur des technologies d&rsquo;IA et de Machine Learning.<\/p>\n<p>Le parcours IAAA <strong>partage des unit\u00e9s d&rsquo;enseignement avec d&rsquo;autres masters disciplinaires<\/strong> : le <a href=\"https:\/\/maths-sciences.univ-amu.fr\/master-mas\/DS\">parcours data science<\/a> du master de math\u00e9matiques appliqu\u00e9es d&rsquo;AMU, avec le <a href=\"https:\/\/sciences.univ-amu.fr\/formation_2018-2022\/master_sciences-cognitives\">master sciences cognitives<\/a> d&rsquo;AMU li\u00e9 \u00e0 l&rsquo;institut convergence <a href=\"http:\/\/www.blri.fr\/\">ILCB<\/a> sur les aspects apprentissage \u00e0 la confluence des th\u00e8mes cerveau et ordinateur (sous r\u00e9serve de compatibilit\u00e9 des EDT), et enfin avec l\u2019option <a href=\"https:\/\/formation.centrale-marseille.fr\/fr\/page\/option-omis\">DIGITALE<\/a> de <a href=\"https:\/\/www.centrale-marseille.fr\/\">l\u2019\u00c9cole Centrale Marseille<\/a>.<\/p>\n<p>Le parcours est <strong>tourn\u00e9 vers l\u2019international<\/strong>&nbsp;avec d&rsquo;une part par le recrutement, via l\u2019Ecole Centrale Marseille, d&rsquo;\u00e9tudiants \u00e9trangers (Chine, Maroc&#8230;) pour venir faire le M2 IAAA \u00e0 Marseille, d&rsquo;autre part par la possibilit\u00e9 pour certains \u00e9tudiants du parcours M1 IAAA d&rsquo;aller faire leur M2 \u00e0 l&rsquo;\u00e9tranger (par exemple 2 \u00e9tudiants de la promo&nbsp;2019-2020 du M1 IAAA feront leur M2 en 2020-2021 \u00e0 l&rsquo;Universit\u00e9 de Montr\u00e9al au Canada).<\/p>\n<p>&nbsp;<\/p>\n<p>&nbsp;<\/p>\n<p>&nbsp;<\/p>\n","protected":false},"excerpt":{"rendered":"<p>Objectifs Le parcours Intelligence Artificielle et Apprentissage Automatique (IAAA) introduit les avanc\u00e9es les plus r\u00e9centes en intelligence artificielle et forme \u00e0 l&rsquo;exploitation des m\u00e9thodes et techniques associ\u00e9es dans des applications innovantes. Les th\u00e8mes abord\u00e9s sont l&rsquo;apprentissage automatique (machine learning), l\u2019apprentissage profond (deep learning), le traitement automatique du langage naturel (NLP), la mod\u00e9lisation et de la&hellip;<\/p>\n","protected":false},"author":3,"featured_media":0,"parent":0,"menu_order":0,"comment_status":"closed","ping_status":"closed","template":"","meta":{"footnotes":""},"class_list":["post-40","page","type-page","status-publish","hentry"],"_links":{"self":[{"href":"https:\/\/iaaa.lis-lab.fr\/index.php?rest_route=\/wp\/v2\/pages\/40","targetHints":{"allow":["GET"]}}],"collection":[{"href":"https:\/\/iaaa.lis-lab.fr\/index.php?rest_route=\/wp\/v2\/pages"}],"about":[{"href":"https:\/\/iaaa.lis-lab.fr\/index.php?rest_route=\/wp\/v2\/types\/page"}],"author":[{"embeddable":true,"href":"https:\/\/iaaa.lis-lab.fr\/index.php?rest_route=\/wp\/v2\/users\/3"}],"replies":[{"embeddable":true,"href":"https:\/\/iaaa.lis-lab.fr\/index.php?rest_route=%2Fwp%2Fv2%2Fcomments&post=40"}],"version-history":[{"count":39,"href":"https:\/\/iaaa.lis-lab.fr\/index.php?rest_route=\/wp\/v2\/pages\/40\/revisions"}],"predecessor-version":[{"id":867,"href":"https:\/\/iaaa.lis-lab.fr\/index.php?rest_route=\/wp\/v2\/pages\/40\/revisions\/867"}],"wp:attachment":[{"href":"https:\/\/iaaa.lis-lab.fr\/index.php?rest_route=%2Fwp%2Fv2%2Fmedia&parent=40"}],"curies":[{"name":"wp","href":"https:\/\/api.w.org\/{rel}","templated":true}]}}