{"id":48,"date":"2018-04-26T05:14:58","date_gmt":"2018-04-26T03:14:58","guid":{"rendered":"https:\/\/iaaa.lis-lab.fr\/?page_id=48"},"modified":"2018-04-27T15:44:10","modified_gmt":"2018-04-27T13:44:10","slug":"inscriptions","status":"publish","type":"page","link":"https:\/\/iaaa.lis-lab.fr\/?page_id=48","title":{"rendered":"Inscriptions"},"content":{"rendered":"<p>Les candidatures pour la deuxi\u00e8me ann\u00e9e du Master IAAA sont \u00e0 nous faire parvenir au mois de mai. <\/p>\n<p>Les candidatures en premi\u00e8re ann\u00e9es doivent \u00eatre envoy\u00e9es avant fin juin.<\/p>\n<p>Plus d&rsquo;information sur la page du <a href=\"http:\/\/masterinfo.univ-mrs.fr\/candidature\/\">Master d&rsquo;Informatique<\/a> d&rsquo;Aix-Marseille Universit\u00e9.<\/p>\n","protected":false},"excerpt":{"rendered":"<p>Les candidatures pour la deuxi\u00e8me ann\u00e9e du Master IAAA sont \u00e0 nous faire parvenir au mois de mai. Les candidatures en premi\u00e8re ann\u00e9es doivent \u00eatre envoy\u00e9es avant fin juin. Plus d&rsquo;information sur la page du Master d&rsquo;Informatique d&rsquo;Aix-Marseille Universit\u00e9.<\/p>\n","protected":false},"author":3,"featured_media":0,"parent":0,"menu_order":0,"comment_status":"closed","ping_status":"closed","template":"","meta":{"footnotes":""},"class_list":["post-48","page","type-page","status-publish","hentry"],"_links":{"self":[{"href":"https:\/\/iaaa.lis-lab.fr\/index.php?rest_route=\/wp\/v2\/pages\/48","targetHints":{"allow":["GET"]}}],"collection":[{"href":"https:\/\/iaaa.lis-lab.fr\/index.php?rest_route=\/wp\/v2\/pages"}],"about":[{"href":"https:\/\/iaaa.lis-lab.fr\/index.php?rest_route=\/wp\/v2\/types\/page"}],"author":[{"embeddable":true,"href":"https:\/\/iaaa.lis-lab.fr\/index.php?rest_route=\/wp\/v2\/users\/3"}],"replies":[{"embeddable":true,"href":"https:\/\/iaaa.lis-lab.fr\/index.php?rest_route=%2Fwp%2Fv2%2Fcomments&post=48"}],"version-history":[{"count":3,"href":"https:\/\/iaaa.lis-lab.fr\/index.php?rest_route=\/wp\/v2\/pages\/48\/revisions"}],"predecessor-version":[{"id":134,"href":"https:\/\/iaaa.lis-lab.fr\/index.php?rest_route=\/wp\/v2\/pages\/48\/revisions\/134"}],"wp:attachment":[{"href":"https:\/\/iaaa.lis-lab.fr\/index.php?rest_route=%2Fwp%2Fv2%2Fmedia&parent=48"}],"curies":[{"name":"wp","href":"https:\/\/api.w.org\/{rel}","templated":true}]}}