{"id":50,"date":"2018-04-26T05:15:16","date_gmt":"2018-04-26T03:15:16","guid":{"rendered":"https:\/\/iaaa.lis-lab.fr\/?page_id=50"},"modified":"2018-05-02T23:51:38","modified_gmt":"2018-05-02T21:51:38","slug":"debouches","status":"publish","type":"page","link":"https:\/\/iaaa.lis-lab.fr\/?page_id=50","title":{"rendered":"D\u00e9bouch\u00e9s"},"content":{"rendered":"<p>Le parcours a une finalit\u00e9 \u00e0 la fois recherche et professionnelle.<\/p>\n<p>&nbsp;<\/p>\n<p>Les dipl\u00f4m\u00e9s peuvent notamment int\u00e9grer une \u00e9quipe de recherche ou recherche et d\u00e9veloppement dans l\u2019industrie ou continuer en th\u00e8se dans le monde acad\u00e9mique. Par cons\u00e9quent les stages de M2 sont r\u00e9alis\u00e9s soit en entreprise soit en laboratoire.<\/p>\n<p>&nbsp;<\/p>\n<p>Voici une liste (incompl\u00e8te) des laboratoire, universit\u00e9s, et entreprises dans lesquels nos \u00e9tudiants ont effectu\u00e9 des stages r\u00e9cemment:<\/p>\n<p>&nbsp;<\/p>\n<h3>Laboratoires<\/h3>\n<ul>\n<li>Equipe <a href=\"http:\/\/www.montefiore.ulg.ac.be\/services\/stochastic\/new\/cmsimple\/index.php\">Systmod<\/a>, Universit\u00e9 Li\u00e8ge<\/li>\n<li>Equipe QARMA, LIS<\/li>\n<li>Equipe TALEP, LIS<\/li>\n<\/ul>\n<p>&nbsp;<\/p>\n<p>&nbsp;<\/p>\n<h3>Entreprises<\/h3>\n<ul>\n<li><span style=\"font-weight: 400;\"><a href=\"https:\/\/euranova.eu\/\">Euranova<\/a>, consultance et R&amp;D en big data, machine learning\u00a0<\/span><\/li>\n<li class=\"level1\">\n<div class=\"li\"><a class=\"urlextern\" title=\"http:\/\/www.st.com\/stonline\/index.htm\" href=\"http:\/\/www.st.com\/stonline\/index.htm\" target=\"blank\" rel=\"nofollow\">STMicroelectronics<\/a> : STMicroelectronics est le cinqui\u00e8me fabricant mondial de semi-conducteurs avec un chiffre d\u2019affaires net de 8,51 milliards de dollars en 2009. Avec l\u2019un des plus vastes portefeuilles de produits de l\u2019industrie, ST fournit des semi-conducteurs innovants \u00e0 des clients dans tous les secteurs d\u2019application de l\u2019\u00e9lectronique en s\u2019appuyant sur son large \u00e9ventail de technologies, son expertise en conception et l\u2019association de son portefeuille de propri\u00e9t\u00e9 intellectuelle et de partenariats strat\u00e9giques ainsi que sa force industrielle.<\/div>\n<\/li>\n<\/ul>\n<ul>\n<li class=\"level1\">\n<div class=\"li\"><a class=\"urlextern\" title=\"http:\/\/www.graniou.com\/\" href=\"http:\/\/www.graniou.com\/\" target=\"blank\" rel=\"nofollow\">GRANIOU<\/a> : Graniou propose une offre globale de d\u00e9ploiement et de maintenance d\u2019infrastructures de t\u00e9l\u00e9communications pour les r\u00e9seaux fixes et mobiles.<\/div>\n<\/li>\n<\/ul>\n<ul>\n<li class=\"level1\">\n<div class=\"li\"><a class=\"urlextern\" title=\"http:\/\/www.netceler.com\/fr\/home.html\" href=\"http:\/\/www.netceler.com\/fr\/home.html\" target=\"blank\" rel=\"nofollow\">NetCeler<\/a> : Editeur de logiciels et cr\u00e9ateur de solutions pour l\u2019industrie pharmaceutique, la s\u00e9curit\u00e9 routi\u00e8re, la gestion des parkings, les r\u00e9seaux \u00e9lectriques et la sonorisation des lieux publics.<\/div>\n<\/li>\n<\/ul>\n<ul>\n<li class=\"level1\">\n<div class=\"li\"><a class=\"urlextern\" title=\"http:\/\/www.c2l2.com\/\" href=\"http:\/\/www.c2l2.com\/\" target=\"blank\" rel=\"nofollow\">C2L2<\/a> : c2L2 Consulting est une soci\u00e9t\u00e9 de service et de conseil. Elle annonce une devise dans son acronyme, Control your Capacity, Learn to Leverage: contr\u00f4lez votre capacit\u00e9, apprenez \u00e0 vous am\u00e9liorer. Les enjeux sont pour les entreprises d\u2019appr\u00e9hender les points faibles de leur organisation et de trouver les leviers qui leurs permettront d\u2019\u00eatre plus efficaces. Il convient donc de contr\u00f4ler la qualit\u00e9 et la robustesse de son Syst\u00e8me d\u2019Information afin d\u2019assurer sa capacit\u00e9 d\u2019\u00e9volution sur son march\u00e9.<\/div>\n<\/li>\n<\/ul>\n<ul>\n<li class=\"level1\">\n<div class=\"li\"><a class=\"urlextern\" title=\"https:\/\/factor.bnpparibas.com\/\" href=\"https:\/\/factor.bnpparibas.com\/\" target=\"blank\" rel=\"nofollow\">BNP Paribas Factor<\/a> : L\u2019entreprise est le premier banquier de ses clients par les d\u00e9lais de r\u00e8glements qu\u2019elle accorde. D\u00e8s lors, les cr\u00e9ances non r\u00e9gl\u00e9es engendrent des besoins et des risques pour elle : retard de paiement, manque de tr\u00e9sorerie, risque d\u2019impay\u00e9, n\u00e9cessit\u00e9 de relancer les cr\u00e9ances. C\u2019est pourquoi, expert en bas de bilan, BNP Paribas Factor propose aujourd\u2019hui l\u2019ensemble des prestations et services aff\u00e9rents au poste clients afin de r\u00e9pondre de mani\u00e8re compl\u00e8te et adapt\u00e9e \u00e0 vos besoins.<\/div>\n<\/li>\n<\/ul>\n<ul>\n<li class=\"level1\">\n<div class=\"li\"><a class=\"urlextern\" title=\"http:\/\/www.neurones.net\/\" href=\"http:\/\/www.neurones.net\/\" target=\"blank\" rel=\"nofollow\">Neurones<\/a> : Mise en oeuvre par des entit\u00e9s sp\u00e9cialis\u00e9es par m\u00e9tier, l\u2019offre de NEURONES associe Conseil, Int\u00e9gration des meilleures solutions technologiques du moment et Infog\u00e9rance des syst\u00e8mes d\u2019information (design\/build\/run). Elle est destin\u00e9e \u00e0 des moyennes et grandes soci\u00e9t\u00e9s et des organismes publics qui cherchent un cadre souple et \u00e9conomique pour mettre la technologie au service de leur efficacit\u00e9 et de la satisfaction de leurs clients.<\/div>\n<\/li>\n<\/ul>\n<ul>\n<li class=\"level1\">\n<div class=\"li\"><a class=\"urlextern\" title=\"http:\/\/www.infotel.com\/fr\/index.html\" href=\"http:\/\/www.infotel.com\/fr\/index.html\" target=\"blank\" rel=\"nofollow\">Infotel<\/a> : Infotel est une soci\u00e9t\u00e9 de services high-tech et un \u00e9diteur de logiciels. Sa ma\u00eetrise des \u00e9volutions des grands syst\u00e8mes d\u2019information et son sens de l\u2019anticipation en font le partenaire privil\u00e9gi\u00e9 et durable des entreprises pour la mise en \u0153uvre des centres de service et des projets de d\u00e9mat\u00e9rialisation int\u00e9grant les technologies du \u00ab Web-To-Database \u00bb.<\/div>\n<\/li>\n<\/ul>\n<ul>\n<li class=\"level1\">\n<div class=\"li\"><a class=\"urlextern\" title=\"http:\/\/www.atosworldline.fr\/Fr\/index.html\" href=\"http:\/\/www.atosworldline.fr\/Fr\/index.html\" target=\"blank\" rel=\"nofollow\">ATOS Worldline<\/a> : Leader des services end to end pour les transactions \u00e9lectroniques critiques, Atos Worldline est sp\u00e9cialis\u00e9 dans les services de paiement \u00e9lectroniques (\u00e9mission, acquisition, solutions de paiement, terminaux et traitement des cartes), les services pour les march\u00e9s financiers, et les eCS (eServices pour les clients, les citoyens et les communaut\u00e9s).<\/div>\n<\/li>\n<\/ul>\n<ul>\n<li class=\"level1\">\n<div class=\"li\"><a class=\"urlextern\" title=\"http:\/\/www.ca2i.com\/\" href=\"http:\/\/www.ca2i.com\/\" target=\"blank\" rel=\"nofollow\">CA2I<\/a> : Sp\u00e9cialistes des solutions de gestion de la paie et des Ressources Humaines depuis 20 ans, CA2I intervient \u00e9galement sur les domaines de la relation clients (CRM), des syst\u00e8mes d\u00e9cisionnels, de la production de rapports d\u2019intervention et en conception de solutions sp\u00e9cifiques.<\/div>\n<\/li>\n<\/ul>\n<ul>\n<li class=\"level1\">\n<div class=\"li\"><a class=\"wikilink2\" href=\"\/~remi.eyraud\/M2I2A\/doku.php?id=\">Dassault Syst\u00e8mes Provence<\/a> : Dassault Syst\u00e8mes Provence s\u2019occupe de conception, de d\u00e9veloppement et de support de produit de conception et de fabrication assist\u00e9es par ordinateurs.<\/div>\n<\/li>\n<\/ul>\n<ul>\n<li class=\"level1\">\n<div class=\"li\"><a class=\"urlextern\" title=\"http:\/\/www.dassault-data-services.fr\/\" href=\"http:\/\/www.dassault-data-services.fr\/\" target=\"blank\" rel=\"nofollow\">Dassault Data Service<\/a> : Dassault Data Services, structure de Conseil et d\u2019Ing\u00e9nierie est, en Europe, l\u2019une des entit\u00e9s op\u00e9rationnelles du Groupe Dassault Syst\u00e8mes. Avec ces activit\u00e9s de conseil et d\u2019int\u00e9gration de syst\u00e8mes dans le domaine des technologies de l\u2019information, elle couvre l\u2019ensemble des composantes d\u2019un projet de transformation d\u2019une entreprise industrielle mettant en place une approche bas\u00e9e sur le cycle de vie d\u2019un produit (Product Lifecycle Management ou PLM).<\/div>\n<\/li>\n<\/ul>\n<ul>\n<li class=\"level1\">\n<div class=\"li\"><a class=\"urlextern\" title=\"http:\/\/www.sopragroup.fr\/\" href=\"http:\/\/www.sopragroup.fr\/\" target=\"blank\" rel=\"nofollow\">Sopra-group<\/a> : Groupe europ\u00e9en de Conseil, d\u2019Int\u00e9gration de Syst\u00e8mes, d\u2019Outsourcing applicatif et de Solutions applicatives, Sopra Group guide les entreprises dans leurs projets de transformation, depuis la d\u00e9finition des strat\u00e9gies jusqu\u2019\u00e0 leur r\u00e9alisation.<\/div>\n<\/li>\n<\/ul>\n<ul>\n<li class=\"level1\">\n<div class=\"li\"><a class=\"urlextern\" title=\"http:\/\/www-list.cea.fr\/\" href=\"http:\/\/www-list.cea.fr\/\" target=\"blank\" rel=\"nofollow\">CEA-LIST<\/a> : Le Laboratoire d\u2019 Int\u00e9gration des Syst\u00e8mes et des Technologies du Centre \u00e0 l\u2019Energie Atomique (CEA) est un centre de recherche technologique sur les syst\u00e8mes \u00e0 logiciel pr\u00e9pond\u00e9rant organis\u00e9 selon trois th\u00e9matiques pr\u00e9sentant de forts enjeux soci\u00e9taux et \u00e9conomiques : les Syst\u00e8mes Embarqu\u00e9s (architectures et conception de syst\u00e8mes, m\u00e9thodes et outils pour la s\u00fbret\u00e9 des logiciels et des syst\u00e8mes, syst\u00e8mes de vision intelligents) ; les Syst\u00e8mes Interactifs (ing\u00e9nierie de la connaissance, robotique, r\u00e9alit\u00e9 virtuelle et interfaces sensorielles); les Capteurs et le traitement du signal (instrumentation et m\u00e9trologie des rayonnements ionisants, capteurs \u00e0 fibre optique, contr\u00f4le non destructif)<\/div>\n<\/li>\n<\/ul>\n<ul>\n<li class=\"level1\">\n<div class=\"li\"><a class=\"urlextern\" title=\"http:\/\/www.sysdream.com\/\" href=\"http:\/\/www.sysdream.com\/\" target=\"blank\" rel=\"nofollow\">Sysdream<\/a> : Fond\u00e9e en 2004 par deux consultants en s\u00e9curit\u00e9 informatique, SYSDREAM est experte dans la s\u00e9curit\u00e9 des applications et des syst\u00e8mes d\u2019informations, libres comme commerciaux. Les intervenants de Sysdream sont devenus des consultants privil\u00e9gi\u00e9s aupr\u00e8s des m\u00e9dias pour toutes leurs questions relatives \u00e0 ce domaine.<\/div>\n<\/li>\n<\/ul>\n<ul>\n<li class=\"level1\">\n<div class=\"li\"><a class=\"urlextern\" title=\"http:\/\/www.somei.fr\/\" href=\"http:\/\/www.somei.fr\/\" target=\"blank\" rel=\"nofollow\">SOMEI<\/a> : La Soci\u00e9t\u00e9 M\u00e9diterran\u00e9enne d\u2019Etude et d\u2019Informatique, SOMEI, propose son expertise pour les gestionnaires de services publics depuis plus de trente ann\u00e9es. Certifi\u00e9e <acronym title=\"International Organization for Standardization\">ISO<\/acronym> 9001, SOMEI offre ses services dans trois domaines de comp\u00e9tences : l\u2019\u00e9dition de logiciels, l\u2019int\u00e9gration et la mise en \u0153uvre et l\u2019infog\u00e9rance.<\/div>\n<\/li>\n<\/ul>\n<ul>\n<li class=\"level1\">\n<div class=\"li\"><a class=\"urlextern\" title=\"http:\/\/www.thalesgroup.com\/\" href=\"http:\/\/www.thalesgroup.com\/\" target=\"blank\" rel=\"nofollow\">Thales<\/a> : La division Solutions de S\u00e9curit\u00e9 &amp; Services (Thales D3S) est n\u00e9e de la fusion des Divisions S\u00e9curit\u00e9 et Services de Thales et des activit\u00e9s de Transports et S\u00e9curit\u00e9 d\u2019Alcatel. Ces quatre activit\u00e9s fusionn\u00e9es ont pris leur place au sein de la Division le 05 Janvier 2007. Elle fait de Thales un leader mondial dans les transports et la s\u00e9curit\u00e9. Sa mission : Positionner Thales comme un des leaders mondiaux des syst\u00e8mes d\u2019information critiques et de services destin\u00e9s aux march\u00e9s de la suret\u00e9 et de la s\u00e9curit\u00e9 dans le domaine civil<\/div>\n<\/li>\n<\/ul>\n<ul>\n<li class=\"level1\">\n<div class=\"li\"><a class=\"urlextern\" title=\"http:\/\/www.snef.fr\/site-snef\/web\/guest\/home\" href=\"http:\/\/www.snef.fr\/site-snef\/web\/guest\/home\" target=\"blank\" rel=\"nofollow\">SNEF-groupe<\/a> : Le Groupe SNEF est sp\u00e9cialis\u00e9 dans les m\u00e9tiers du g\u00e9nie \u00e9lectrique, des proc\u00e9d\u00e9s industriels, des syst\u00e8mes de communication, des syst\u00e8mes de s\u00e9curit\u00e9, du g\u00e9nie climatique et de la maintenance.<\/div>\n<\/li>\n<\/ul>\n<ul>\n<li class=\"level1\">\n<div class=\"li\"><a class=\"urlextern\" title=\"http:\/\/www.groupekpf.fr\/\" href=\"http:\/\/www.groupekpf.fr\/\" target=\"blank\" rel=\"nofollow\">KPF-groupe<\/a> : L\u2019architecture du syst\u00e8me d\u2019information est un levier essentiel de la performance de l\u2019entreprise qui subit deux \u00e9volutions majeures : une complexit\u00e9 technique croissante et un rapprochement des infrastructures et des applicatifs. KPF-groupe apporte son expertise pour que ce contexte technique fortement \u00e9volutif ne soit en aucun cas un frein \u00e0 votre d\u00e9veloppement, mais au contraire un support efficace et permanent de votre strat\u00e9gie de d\u00e9veloppement. Son savoir faire dans la conception, le d\u00e9ploiement et l\u2019administration d\u2019architectures permet de pr\u00e9server la coh\u00e9rence globale de l\u2019infrastructure IT tout en assurant un haut niveau de performance et un juste \u00e9quilibre entre co\u00fbts, qualit\u00e9 et d\u00e9lais.<\/div>\n<\/li>\n<\/ul>\n<ul>\n<li class=\"level1\">\n<div class=\"li\"><a class=\"urlextern\" title=\"http:\/\/www.gemalto.com\/france\/\" href=\"http:\/\/www.gemalto.com\/france\/\" target=\"blank\" rel=\"nofollow\">Gemalto<\/a> : Gemalto fournit des solutions de s\u00e9curit\u00e9 num\u00e9rique int\u00e9gr\u00e9es, con\u00e7ues pour rendre les int\u00e9ractions num\u00e9riques personnelles plus conviviales, plus s\u00fbres et plus agr\u00e9ables. Elles comprennent le d\u00e9veloppement d\u2019applications logicielles \u00e0 travers la conception et la production de dispositifs de s\u00e9curit\u00e9 num\u00e9rique comme les cartes \u00e0 puce, cartes SIM, passeports \u00e9lectroniques ou jetons, ou encore la gestion et le d\u00e9ploiement de services pour ses clients.<\/div>\n<\/li>\n<\/ul>\n<ul>\n<li class=\"level1\">\n<div class=\"li\"><a class=\"urlextern\" title=\"http:\/\/www.modul-bio.com\/fr\/index.php\" href=\"http:\/\/www.modul-bio.com\/fr\/index.php\" target=\"blank\" rel=\"nofollow\">Modul-Bio<\/a> : Modul-Bio est une soci\u00e9t\u00e9 sp\u00e9cialis\u00e9e dans la fourniture d\u2019\u00e9quipements et d\u2019applications informatiques pour des projets innovants dans le domaine des sciences de la vie. Constitu\u00e9e d\u2019une \u00e9quipe d\u2019experts en bio informatique, biologie et robotique, l\u2019entreprise poss\u00e8de un savoir-faire unique dans la mise en oeuvre de solutions sur mesure au service des proc\u00e9d\u00e9s scientifiques les plus r\u00e9cents.<\/div>\n<\/li>\n<\/ul>\n<ul>\n<li class=\"level1\">\n<div class=\"li\"><a class=\"urlextern\" title=\"http:\/\/www.mailinblack.com\/\" href=\"http:\/\/www.mailinblack.com\/\" target=\"blank\" rel=\"nofollow\">MAILinBlack<\/a> : MailInBlack commercialise la premi\u00e8re solution qui garantit l\u2019\u00e9limination de 100% des spams, sans risque de faux-positif et sans aucune administration. Son principe intelligent repose sur l\u2019authentification des exp\u00e9diteurs. MailInBlack est une soci\u00e9t\u00e9 europ\u00e9enne \u00e9ditrice de solutions informatiques pour la s\u00e9curisation des \u00e9changes \u00e9lectroniques.<\/div>\n<\/li>\n<\/ul>\n<ul>\n<li class=\"level1\">\n<div class=\"li\"><a class=\"urlextern\" title=\"http:\/\/www.eurocopter.com\/site\/en\/ref\/home.html\" href=\"http:\/\/www.eurocopter.com\/site\/en\/ref\/home.html\" target=\"blank\" rel=\"nofollow\">Eurocopter<\/a> : Le Groupe Eurocopter est le premier fabricant d\u2019h\u00e9licopt\u00e8res au monde. Il est form\u00e9 en 1992 \u00e0 partir de la fusion des divisions h\u00e9licopt\u00e8res du fran\u00e7ais A\u00e9rospatiale Matra et de l\u2019allemand DaimlerChrysler Aerospace AG (DASA).<\/div>\n<\/li>\n<\/ul>\n<ul>\n<li class=\"level1\">\n<div class=\"li\"><a class=\"urlextern\" title=\"http:\/\/upandnet.wordpress.com\/\" href=\"http:\/\/upandnet.wordpress.com\/\" target=\"blank\" rel=\"nofollow\">Up &amp; Net<\/a> : Up &amp; Net d\u00e9veloppe et commercialise des outils d\u2019interm\u00e9diation commerciale sur le web.<\/div>\n<\/li>\n<\/ul>\n<ul>\n<li class=\"level1\">\n<div class=\"li\"><a class=\"urlextern\" title=\"http:\/\/www.asyncron.fr\/\" href=\"http:\/\/www.asyncron.fr\/\" target=\"blank\" rel=\"nofollow\">Asynchrone<\/a> : L\u2019objet d\u2019ASYNCRON\u2122 games est de produire des jeux en ligne et d\u2019\u00e9diter des jeux de soci\u00e9t\u00e9. Les jeux en ligne sont de type multi-joueurs ou massivement multi-joueurs et de type asynchrone. Ces jeux peuvent \u00eatre persistants, c\u2019est \u00e0 dire que l\u2019existence du jeu n\u2019est pas subordonn\u00e9e \u00e0 un d\u00e9but et \u00e0 une fin de partie.<\/div>\n<\/li>\n<\/ul>\n<ul>\n<li class=\"level1\">\n<div class=\"li\"><a class=\"urlextern\" title=\"http:\/\/www.pmewebservices.com\/\" href=\"http:\/\/www.pmewebservices.com\/\" target=\"blank\" rel=\"nofollow\">PMEWebServices<\/a> : Editeur de logiciels de travail collaboratif, PmeWebServices.com se caract\u00e9rise par sa volont\u00e9 de proposer un \u00e9ventail complet et innovant de prestations de service afin d\u2019accompagner ses clients pour r\u00e9aliser leur projet. Conseil dans le choix des solutions techniques en tenant compte de votre environnement. Concevoir, r\u00e9aliser et mettre en \u0153uvre les solutions informatiques adapt\u00e9es \u00e0 vos besoins et en assurer le suivi et la maintenance.<\/div>\n<\/li>\n<\/ul>\n","protected":false},"excerpt":{"rendered":"<p>Le parcours a une finalit\u00e9 \u00e0 la fois recherche et professionnelle. &nbsp; Les dipl\u00f4m\u00e9s peuvent notamment int\u00e9grer une \u00e9quipe de recherche ou recherche et d\u00e9veloppement dans l\u2019industrie ou continuer en th\u00e8se dans le monde acad\u00e9mique. Par cons\u00e9quent les stages de M2 sont r\u00e9alis\u00e9s soit en entreprise soit en laboratoire. &nbsp; Voici une liste (incompl\u00e8te) des&hellip;<\/p>\n","protected":false},"author":3,"featured_media":0,"parent":0,"menu_order":0,"comment_status":"closed","ping_status":"closed","template":"","meta":{"footnotes":""},"class_list":["post-50","page","type-page","status-publish","hentry"],"_links":{"self":[{"href":"https:\/\/iaaa.lis-lab.fr\/index.php?rest_route=\/wp\/v2\/pages\/50","targetHints":{"allow":["GET"]}}],"collection":[{"href":"https:\/\/iaaa.lis-lab.fr\/index.php?rest_route=\/wp\/v2\/pages"}],"about":[{"href":"https:\/\/iaaa.lis-lab.fr\/index.php?rest_route=\/wp\/v2\/types\/page"}],"author":[{"embeddable":true,"href":"https:\/\/iaaa.lis-lab.fr\/index.php?rest_route=\/wp\/v2\/users\/3"}],"replies":[{"embeddable":true,"href":"https:\/\/iaaa.lis-lab.fr\/index.php?rest_route=%2Fwp%2Fv2%2Fcomments&post=50"}],"version-history":[{"count":9,"href":"https:\/\/iaaa.lis-lab.fr\/index.php?rest_route=\/wp\/v2\/pages\/50\/revisions"}],"predecessor-version":[{"id":325,"href":"https:\/\/iaaa.lis-lab.fr\/index.php?rest_route=\/wp\/v2\/pages\/50\/revisions\/325"}],"wp:attachment":[{"href":"https:\/\/iaaa.lis-lab.fr\/index.php?rest_route=%2Fwp%2Fv2%2Fmedia&parent=50"}],"curies":[{"name":"wp","href":"https:\/\/api.w.org\/{rel}","templated":true}]}}