{"id":611,"date":"2020-02-17T19:23:21","date_gmt":"2020-02-17T18:23:21","guid":{"rendered":"https:\/\/iaaa.lis-lab.fr\/?page_id=611"},"modified":"2022-05-13T11:46:36","modified_gmt":"2022-05-13T09:46:36","slug":"iaaa-et-ecole-centrale-marseille","status":"publish","type":"page","link":"https:\/\/iaaa.lis-lab.fr\/?page_id=611","title":{"rendered":"IAAA + Option Info@ECM"},"content":{"rendered":"<h1>Possibilit\u00e9 de suivre le M2 IAAA en parall\u00e8le de la 3\u00e8me ann\u00e9e de l&rsquo;Ecole Centrale Marseille<\/h1>\n<p>Voir aussi <a href=\"https:\/\/pageperso.lis-lab.fr\/thierry.artieres\/?page_id=844\">https:\/\/pageperso.lis-lab.fr\/thierry.artieres\/?page_id=844<\/a><\/p>\n<p>Pour les \u00e9tudiant.e.s centralien.e.s en 3\u00e8me ann\u00e9e dans l&rsquo;option Informatique il est possible de suivre le M2 IAAA en parall\u00e8le de la 3\u00e8me ann\u00e9e, apr\u00e8s candidature et s\u00e9lection (le nombre de places \u00e9tant limit\u00e9). Dans tous les cas pour suivre le M2 IAAA en m\u00eame temps que votre 3\u00e8me ann\u00e9e \u00e0 l&rsquo;ECM il faut \u00eatre inscrit dans le parcours IAM de l&rsquo;option InfOrmatique \u00e0 l&rsquo;ECM:<\/p>\n<ul>\n<li>Vous devez suivre l&rsquo;UE Machine Learning au temps 1 du parcours IAM de l&rsquo;option Infoimatique<\/li>\n<li>Vous suivez les modules d&rsquo;option du M2 IAAA en temps 2<\/li>\n<li>Vous suivez l&rsquo;UE IAMLE ou l&rsquo;UE IOT en temps 3<\/li>\n<li>Il est TRES FORTEMENT conseill\u00e9 de suivre la fili\u00e8re m\u00e9tier Recherche car si des am\u00e9nagements sont possibles avec d&rsquo;autres fili\u00e8res m\u00e9tier c&rsquo;est au cas par cas et sans garantie.<\/li>\n<li>Voir d\u00e9tails ci-dessous<\/li>\n<\/ul>\n<p>Vous devez manifester votre int\u00e9r\u00eat au plus t\u00f4t en m&rsquo;\u00e9crivant \u00e0 <a href=\"mailto:Thierry.Artieres@centrale-marseille.fr\">Thierry Arti\u00e8res<\/a><\/p>\n<hr \/>\n<p>Plus pr\u00e9cis\u00e9ment<\/p>\n<ul>\n<li>En temps 1 vous suivrez:\n<ul>\n<li>Une partie du Tronc commun du M2 IAAA compos\u00e9 des cours\n<ul>\n<li>MRO (~27h)<\/li>\n<li>TAL (~27h)<\/li>\n<\/ul>\n<\/li>\n<li>La partie mutualis\u00e9e entre le tronc commun d&rsquo;IAAA et\u00a0l&rsquo;UE Machine Learning de DIGITALE\n<ul>\n<li>Data Science\u00a0(~27h)<\/li>\n<li>Deep Learning\u00a0(~27h)<\/li>\n<\/ul>\n<\/li>\n<li>La partie de lUE Machine Learning non mutualis\u00e9e avec IAAA\n<ul>\n<li>Il devrait consister en:\n<ul>\n<li>Un module sur l&rsquo;analyse de donn\u00e9es<\/li>\n<li>Un module sur l&rsquo;apprentissage sur graphes<\/li>\n<li>Un module sur les techniques d&rsquo;optimisation<\/li>\n<\/ul>\n<\/li>\n<\/ul>\n<\/li>\n<\/ul>\n<\/li>\n<li>En temps 2, vous suivrez\n<ul>\n<li>Les options du master IAAA<\/li>\n<\/ul>\n<\/li>\n<li>En temps 3 vous suivrez\n<ul>\n<li>L&rsquo;UE IAMLE ou l&rsquo;UE IOT<\/li>\n<\/ul>\n<\/li>\n<\/ul>\n","protected":false},"excerpt":{"rendered":"<p>Possibilit\u00e9 de suivre le M2 IAAA en parall\u00e8le de la 3\u00e8me ann\u00e9e de l&rsquo;Ecole Centrale Marseille Voir aussi https:\/\/pageperso.lis-lab.fr\/thierry.artieres\/?page_id=844 Pour les \u00e9tudiant.e.s centralien.e.s en 3\u00e8me ann\u00e9e dans l&rsquo;option Informatique il est possible de suivre le M2 IAAA en parall\u00e8le de la 3\u00e8me ann\u00e9e, apr\u00e8s candidature et s\u00e9lection (le nombre de places \u00e9tant limit\u00e9). Dans tous&hellip;<\/p>\n","protected":false},"author":3,"featured_media":0,"parent":0,"menu_order":0,"comment_status":"closed","ping_status":"closed","template":"","meta":{"footnotes":""},"class_list":["post-611","page","type-page","status-publish","hentry"],"_links":{"self":[{"href":"https:\/\/iaaa.lis-lab.fr\/index.php?rest_route=\/wp\/v2\/pages\/611","targetHints":{"allow":["GET"]}}],"collection":[{"href":"https:\/\/iaaa.lis-lab.fr\/index.php?rest_route=\/wp\/v2\/pages"}],"about":[{"href":"https:\/\/iaaa.lis-lab.fr\/index.php?rest_route=\/wp\/v2\/types\/page"}],"author":[{"embeddable":true,"href":"https:\/\/iaaa.lis-lab.fr\/index.php?rest_route=\/wp\/v2\/users\/3"}],"replies":[{"embeddable":true,"href":"https:\/\/iaaa.lis-lab.fr\/index.php?rest_route=%2Fwp%2Fv2%2Fcomments&post=611"}],"version-history":[{"count":14,"href":"https:\/\/iaaa.lis-lab.fr\/index.php?rest_route=\/wp\/v2\/pages\/611\/revisions"}],"predecessor-version":[{"id":894,"href":"https:\/\/iaaa.lis-lab.fr\/index.php?rest_route=\/wp\/v2\/pages\/611\/revisions\/894"}],"wp:attachment":[{"href":"https:\/\/iaaa.lis-lab.fr\/index.php?rest_route=%2Fwp%2Fv2%2Fmedia&parent=611"}],"curies":[{"name":"wp","href":"https:\/\/api.w.org\/{rel}","templated":true}]}}