{"id":652,"date":"2020-03-22T11:10:22","date_gmt":"2020-03-22T10:10:22","guid":{"rendered":"https:\/\/iaaa.lis-lab.fr\/?page_id=652"},"modified":"2020-09-01T09:45:04","modified_gmt":"2020-09-01T07:45:04","slug":"informations-pratiques","status":"publish","type":"page","link":"https:\/\/iaaa.lis-lab.fr\/?page_id=652","title":{"rendered":"Localisation"},"content":{"rendered":"<p>\u00a0<\/p>\n<h2>Sites d&rsquo;enseignement du M1 IAAA<\/h2>\n<p>Les cours du parcours IAAA se d\u00e9roulent\u00a0sur le <a href=\"https:\/\/sciences.univ-amu.fr\/sites-geographiques\/site-luminy\">campus de Luminy<\/a>.<\/p>\n<h2>Sites d&rsquo;enseignement du M2 IAAA<\/h2>\n<p>Les cours seront majoritairement donn\u00e9s sur le site de Chateau Gombert \u00e0 l&rsquo;Ecole Centrale Marseille et au CMI (distants de 200m), et certains cours se d\u00e9rouleront sur le campus universitaire de St J\u00e9rome. Exceptionnellement certains cours ou \u00e9v\u00e8nements pourront avoir lieu sur le site de St Charles<\/p>\n<ul>\n<li><a href=\"https:\/\/www.i2m.univ-amu.fr\/linstitut\/presentation-de-linstitut\/acces-localisation\/acces-chateau-gombert-site-nord-et-cmi\/\">Centre Math\u00e9matiques et Informatique (CMI)<\/a>\n<ul>\n<li>Adresse : 39 Rue Fr\u00e9d\u00e9ric Joliot Curie, 13013 Marseille, France<\/li>\n<li><a href=\"https:\/\/www.google.com\/maps\/place\/C.+M.+I.+Centre+de+Math%C3%A9matiques+et+Informatique\/@43.345141,5.434775,17z\/data=!4m5!3m4!1s0x0:0x942bcb0c161c38f1!8m2!3d43.3451406!4d5.4347748?hl=fr-FR\">Google Map<\/a><\/li>\n<\/ul>\n<\/li>\n<li><a href=\"https:\/\/www.centrale-marseille.fr\/sites\/www\/files\/page\/plan_ecole_2016_0.pdf\">Ecole Centrale Marseille (suivre le lien pour un plan de l&rsquo;\u00e9cole)<\/a>\n<ul>\n<li>Adresse : 38 Rue Fr\u00e9d\u00e9ric Joliot Curie, 13013 Marseille<\/li>\n<\/ul>\n<\/li>\n<\/ul>\n<ul>\n<li>Campus de Saint Jerome\n<ul>\n<li>Adresse : 52 Avenue Escadrille Normandie Niemen, 13013 Marseille<\/li>\n<\/ul>\n<\/li>\n<\/ul>\n<p><img loading=\"lazy\" decoding=\"async\" class=\"aligncenter wp-image-563 size-medium\" src=\"https:\/\/iaaa.lis-lab.fr\/wp-content\/uploads\/2019\/09\/StJerome-300x208.png\" alt=\"\" width=\"300\" height=\"208\" srcset=\"https:\/\/iaaa.lis-lab.fr\/wp-content\/uploads\/2019\/09\/StJerome-300x208.png 300w, https:\/\/iaaa.lis-lab.fr\/wp-content\/uploads\/2019\/09\/StJerome-768x533.png 768w, https:\/\/iaaa.lis-lab.fr\/wp-content\/uploads\/2019\/09\/StJerome-1024x711.png 1024w, https:\/\/iaaa.lis-lab.fr\/wp-content\/uploads\/2019\/09\/StJerome.png 1620w\" sizes=\"auto, (max-width: 300px) 100vw, 300px\" \/><\/p>\n<ul>\n<li><a href=\"https:\/\/sciences.univ-amu.fr\/sites-geographiques\/saint-charles\">Campus de Saint Charles\u00a0<\/a>(<a href=\"https:\/\/sciences.univ-amu.fr\/sites\/sciences.univ-amu.fr\/files\/plan_site_stcharles_gymnase-1.pdf\">Plan du site)<\/a><\/li>\n<\/ul>\n\n\n<p><\/p>\n","protected":false},"excerpt":{"rendered":"<p>\u00a0 Sites d&rsquo;enseignement du M1 IAAA Les cours du parcours IAAA se d\u00e9roulent\u00a0sur le campus de Luminy. Sites d&rsquo;enseignement du M2 IAAA Les cours seront majoritairement donn\u00e9s sur le site de Chateau Gombert \u00e0 l&rsquo;Ecole Centrale Marseille et au CMI (distants de 200m), et certains cours se d\u00e9rouleront sur le campus universitaire de St J\u00e9rome.&hellip;<\/p>\n","protected":false},"author":3,"featured_media":0,"parent":0,"menu_order":0,"comment_status":"closed","ping_status":"closed","template":"","meta":{"footnotes":""},"class_list":["post-652","page","type-page","status-publish","hentry"],"_links":{"self":[{"href":"https:\/\/iaaa.lis-lab.fr\/index.php?rest_route=\/wp\/v2\/pages\/652","targetHints":{"allow":["GET"]}}],"collection":[{"href":"https:\/\/iaaa.lis-lab.fr\/index.php?rest_route=\/wp\/v2\/pages"}],"about":[{"href":"https:\/\/iaaa.lis-lab.fr\/index.php?rest_route=\/wp\/v2\/types\/page"}],"author":[{"embeddable":true,"href":"https:\/\/iaaa.lis-lab.fr\/index.php?rest_route=\/wp\/v2\/users\/3"}],"replies":[{"embeddable":true,"href":"https:\/\/iaaa.lis-lab.fr\/index.php?rest_route=%2Fwp%2Fv2%2Fcomments&post=652"}],"version-history":[{"count":8,"href":"https:\/\/iaaa.lis-lab.fr\/index.php?rest_route=\/wp\/v2\/pages\/652\/revisions"}],"predecessor-version":[{"id":747,"href":"https:\/\/iaaa.lis-lab.fr\/index.php?rest_route=\/wp\/v2\/pages\/652\/revisions\/747"}],"wp:attachment":[{"href":"https:\/\/iaaa.lis-lab.fr\/index.php?rest_route=%2Fwp%2Fv2%2Fmedia&parent=652"}],"curies":[{"name":"wp","href":"https:\/\/api.w.org\/{rel}","templated":true}]}}