{"id":687,"date":"2020-03-22T12:58:15","date_gmt":"2020-03-22T11:58:15","guid":{"rendered":"https:\/\/iaaa.lis-lab.fr\/?page_id=687"},"modified":"2021-08-02T10:11:53","modified_gmt":"2021-08-02T08:11:53","slug":"contacts","status":"publish","type":"page","link":"https:\/\/iaaa.lis-lab.fr\/?page_id=687","title":{"rendered":"Contacts"},"content":{"rendered":"<ul>\n<li>Responsable du M1 Informatique : R\u00e9mi Morin<\/li>\n<li>Responsable du Master d&rsquo;informatique : C\u00e9cile Capponi<\/li>\n<li>Responsable du Parcours IAAA : Thierry Arti\u00e8res et Alexis Nasr<\/li>\n<\/ul>\n<p>Emails : prenom.nom@lis-lab.fr (tap\u00e9 sans aucun caract\u00e8re accentu\u00e9)<\/p>\n","protected":false},"excerpt":{"rendered":"<p>Responsable du M1 Informatique : R\u00e9mi Morin Responsable du Master d&rsquo;informatique : C\u00e9cile Capponi Responsable du Parcours IAAA : Thierry Arti\u00e8res et Alexis Nasr Emails : prenom.nom@lis-lab.fr (tap\u00e9 sans aucun caract\u00e8re accentu\u00e9)<\/p>\n","protected":false},"author":3,"featured_media":0,"parent":0,"menu_order":0,"comment_status":"closed","ping_status":"closed","template":"","meta":{"footnotes":""},"class_list":["post-687","page","type-page","status-publish","hentry"],"_links":{"self":[{"href":"https:\/\/iaaa.lis-lab.fr\/index.php?rest_route=\/wp\/v2\/pages\/687","targetHints":{"allow":["GET"]}}],"collection":[{"href":"https:\/\/iaaa.lis-lab.fr\/index.php?rest_route=\/wp\/v2\/pages"}],"about":[{"href":"https:\/\/iaaa.lis-lab.fr\/index.php?rest_route=\/wp\/v2\/types\/page"}],"author":[{"embeddable":true,"href":"https:\/\/iaaa.lis-lab.fr\/index.php?rest_route=\/wp\/v2\/users\/3"}],"replies":[{"embeddable":true,"href":"https:\/\/iaaa.lis-lab.fr\/index.php?rest_route=%2Fwp%2Fv2%2Fcomments&post=687"}],"version-history":[{"count":4,"href":"https:\/\/iaaa.lis-lab.fr\/index.php?rest_route=\/wp\/v2\/pages\/687\/revisions"}],"predecessor-version":[{"id":845,"href":"https:\/\/iaaa.lis-lab.fr\/index.php?rest_route=\/wp\/v2\/pages\/687\/revisions\/845"}],"wp:attachment":[{"href":"https:\/\/iaaa.lis-lab.fr\/index.php?rest_route=%2Fwp%2Fv2%2Fmedia&parent=687"}],"curies":[{"name":"wp","href":"https:\/\/api.w.org\/{rel}","templated":true}]}}