{"id":731,"date":"2020-07-28T10:56:10","date_gmt":"2020-07-28T08:56:10","guid":{"rendered":"https:\/\/iaaa.lis-lab.fr\/?page_id=731"},"modified":"2021-07-15T20:14:54","modified_gmt":"2021-07-15T18:14:54","slug":"preparer-la-rentree-en-m1","status":"publish","type":"page","link":"https:\/\/iaaa.lis-lab.fr\/?page_id=731","title":{"rendered":"Pr\u00e9parer la rentr\u00e9e en M1"},"content":{"rendered":"<p class=\"p2\">Voici quelques liens vers des MOOC faciles et gratuits (sans certification) pour bien pr\u00e9parer sa rentr\u00e9e en M1 IAAA. Il est pr\u00e9f\u00e9rable d&rsquo;avoir de bonnes connaissances dans l&rsquo;ensemble des domaines ci-dessous. Soit parce que vous avez \u00e9tudi\u00e9 cela auparavant, soit en vous familiarisant avec les notions que vous ne connaissez pas avant la rentr\u00e9e.<\/p>\n<ul>\n<li>Probabilit\u00e9s et statistique\n<ul>\n<li class=\"p2\">Probabilit\u00e9s \u00e9l\u00e9mentaires (des variables al\u00e9atoires au th\u00e9or\u00e8me central-limite)<\/li>\n<\/ul>\n<\/li>\n<\/ul>\n<p class=\"p3\"><span class=\"s1\"><a href=\"https:\/\/www.my-mooc.com\/fr\/mooc\/maitrisez-les-bases-des-probabilites\/\">https:\/\/www.my-mooc.com\/fr\/mooc\/maitrisez-les-bases-des-probabilites\/<\/a><\/span><\/p>\n<ul>\n<li style=\"list-style-type: none;\">\n<ul>\n<li>Statistiques inf\u00e9rentielles<\/li>\n<\/ul>\n<\/li>\n<\/ul>\n<p><a href=\"https:\/\/www.my-mooc.com\/fr\/mooc\/initiez-vous-a-la-statistique-inferentielle\/\">https:\/\/www.my-mooc.com\/fr\/mooc\/initiez-vous-a-la-statistique-inferentielle\/<\/a><\/p>\n<ul>\n<li>Alg\u00e8bre lin\u00e9aire, espaces vectoriels,\n<ul>\n<li class=\"p2\">Alg\u00e8bre lin\u00e9aire \u00e9l\u00e9mentaire Partie 1 : sys. \u00e9quation lin\u00e9aire dans R^2, g\u00e9n\u00e9ralisation<\/li>\n<\/ul>\n<\/li>\n<\/ul>\n<p class=\"p3\"><span class=\"s1\"><a href=\"https:\/\/www.my-mooc.com\/fr\/mooc\/algebre-lineaire-partie-1-epflx-algebrex-0\/\">https:\/\/www.my-mooc.com\/fr\/mooc\/algebre-lineaire-partie-1-epflx-algebrex-0\/<\/a><\/span><\/p>\n<ul>\n<li style=\"list-style-type: none;\">\n<ul>\n<li class=\"p2\">Alg\u00e8bre lin\u00e9aire \u00e9l\u00e9mentaire Partie 2 : matrices et les espaces vectoriels<\/li>\n<\/ul>\n<\/li>\n<\/ul>\n<p class=\"p3\"><span class=\"s1\"><a href=\"https:\/\/www.my-mooc.com\/fr\/mooc\/algebre-lineaire-partie-2-epflx-algebre2x-0\/\">https:\/\/www.my-mooc.com\/fr\/mooc\/algebre-lineaire-partie-2-epflx-algebre2x-0\/<\/a><\/span><\/p>\n<ul>\n<li style=\"list-style-type: none;\">\n<ul>\n<li>Un autre ensemble de 3 cours sur les math\u00e9matiques pour l&rsquo;apprentissage automatique<\/li>\n<\/ul>\n<\/li>\n<\/ul>\n<p><a href=\"https:\/\/www.coursera.org\/specializations\/mathematics-machine-learning\">https:\/\/www.coursera.org\/specializations\/mathematics-machine-learning<\/a><\/p>\n","protected":false},"excerpt":{"rendered":"<p>Voici quelques liens vers des MOOC faciles et gratuits (sans certification) pour bien pr\u00e9parer sa rentr\u00e9e en M1 IAAA. Il est pr\u00e9f\u00e9rable d&rsquo;avoir de bonnes connaissances dans l&rsquo;ensemble des domaines ci-dessous. Soit parce que vous avez \u00e9tudi\u00e9 cela auparavant, soit en vous familiarisant avec les notions que vous ne connaissez pas avant la rentr\u00e9e. Probabilit\u00e9s&hellip;<\/p>\n","protected":false},"author":3,"featured_media":0,"parent":0,"menu_order":0,"comment_status":"closed","ping_status":"closed","template":"","meta":{"footnotes":""},"class_list":["post-731","page","type-page","status-publish","hentry"],"_links":{"self":[{"href":"https:\/\/iaaa.lis-lab.fr\/index.php?rest_route=\/wp\/v2\/pages\/731","targetHints":{"allow":["GET"]}}],"collection":[{"href":"https:\/\/iaaa.lis-lab.fr\/index.php?rest_route=\/wp\/v2\/pages"}],"about":[{"href":"https:\/\/iaaa.lis-lab.fr\/index.php?rest_route=\/wp\/v2\/types\/page"}],"author":[{"embeddable":true,"href":"https:\/\/iaaa.lis-lab.fr\/index.php?rest_route=\/wp\/v2\/users\/3"}],"replies":[{"embeddable":true,"href":"https:\/\/iaaa.lis-lab.fr\/index.php?rest_route=%2Fwp%2Fv2%2Fcomments&post=731"}],"version-history":[{"count":4,"href":"https:\/\/iaaa.lis-lab.fr\/index.php?rest_route=\/wp\/v2\/pages\/731\/revisions"}],"predecessor-version":[{"id":843,"href":"https:\/\/iaaa.lis-lab.fr\/index.php?rest_route=\/wp\/v2\/pages\/731\/revisions\/843"}],"wp:attachment":[{"href":"https:\/\/iaaa.lis-lab.fr\/index.php?rest_route=%2Fwp%2Fv2%2Fmedia&parent=731"}],"curies":[{"name":"wp","href":"https:\/\/api.w.org\/{rel}","templated":true}]}}