{"id":765,"date":"2020-10-03T10:14:21","date_gmt":"2020-10-03T08:14:21","guid":{"rendered":"https:\/\/iaaa.lis-lab.fr\/?page_id=765"},"modified":"2022-09-16T15:46:35","modified_gmt":"2022-09-16T13:46:35","slug":"offres-de-stages-de-m2","status":"publish","type":"page","link":"https:\/\/iaaa.lis-lab.fr\/?page_id=765","title":{"rendered":"Vous avez une offre de stage de M2 ?"},"content":{"rendered":"<p>Les \u00e9tudiants et \u00e9tudiantes du master 2 IAAA effectuent un stage de f\u00e9vrier \u00e0 juin (AMU) ou d&rsquo;avril \u00e0 ao\u00fbt (Centrale).<\/p>\n<p>Un sujet de stage de M2 IAAA doit satisfaire certains crit\u00e8res:<\/p>\n<ul>\n<li>\u00catre au coeur des th\u00e9matiques du master, et d&rsquo;un niveau correspondant aux attentes du master<\/li>\n<li>\u00catre r\u00e9alis\u00e9 au sein d&rsquo;une structure dans laquelle le ou la stagiaire est encadr\u00e9.e<\/li>\n<\/ul>\n<p>Les stages peuvent \u00eatre orient\u00e9s recherche fondamentale, recherche appliqu\u00e9e ou recherche et d\u00e9veloppement.<\/p>\n<p><strong>Si vous souhaitez accueillir un \u00e9tudiante ou une \u00e9tudiante du master 2 IAAA<\/strong> <strong>en stage<\/strong>, remplissez ce formulaire :<\/p>\n<p><a href=\"https:\/\/forms.gle\/89W6EbCzyh9hfWNs8\">https:\/\/forms.gle\/89W6EbCzyh9hfWNs8<\/a><\/p>\n<p>Les sujets seront diffus\u00e9s \u00e0 la promo apr\u00e8s avoir \u00e9t\u00e9 valid\u00e9s par les responsables comme \u00e9tant conformes aux attentes en termes de th\u00e9matique, de niveau, et de conditions d&rsquo;accueil.<\/p>\n","protected":false},"excerpt":{"rendered":"<p>Les \u00e9tudiants et \u00e9tudiantes du master 2 IAAA effectuent un stage de f\u00e9vrier \u00e0 juin (AMU) ou d&rsquo;avril \u00e0 ao\u00fbt (Centrale). Un sujet de stage de M2 IAAA doit satisfaire certains crit\u00e8res: \u00catre au coeur des th\u00e9matiques du master, et d&rsquo;un niveau correspondant aux attentes du master \u00catre r\u00e9alis\u00e9 au sein d&rsquo;une structure dans laquelle&hellip;<\/p>\n","protected":false},"author":3,"featured_media":0,"parent":0,"menu_order":0,"comment_status":"closed","ping_status":"closed","template":"","meta":{"footnotes":""},"class_list":["post-765","page","type-page","status-publish","hentry"],"_links":{"self":[{"href":"https:\/\/iaaa.lis-lab.fr\/index.php?rest_route=\/wp\/v2\/pages\/765","targetHints":{"allow":["GET"]}}],"collection":[{"href":"https:\/\/iaaa.lis-lab.fr\/index.php?rest_route=\/wp\/v2\/pages"}],"about":[{"href":"https:\/\/iaaa.lis-lab.fr\/index.php?rest_route=\/wp\/v2\/types\/page"}],"author":[{"embeddable":true,"href":"https:\/\/iaaa.lis-lab.fr\/index.php?rest_route=\/wp\/v2\/users\/3"}],"replies":[{"embeddable":true,"href":"https:\/\/iaaa.lis-lab.fr\/index.php?rest_route=%2Fwp%2Fv2%2Fcomments&post=765"}],"version-history":[{"count":4,"href":"https:\/\/iaaa.lis-lab.fr\/index.php?rest_route=\/wp\/v2\/pages\/765\/revisions"}],"predecessor-version":[{"id":923,"href":"https:\/\/iaaa.lis-lab.fr\/index.php?rest_route=\/wp\/v2\/pages\/765\/revisions\/923"}],"wp:attachment":[{"href":"https:\/\/iaaa.lis-lab.fr\/index.php?rest_route=%2Fwp%2Fv2%2Fmedia&parent=765"}],"curies":[{"name":"wp","href":"https:\/\/api.w.org\/{rel}","templated":true}]}}