{"id":767,"date":"2020-10-03T10:19:28","date_gmt":"2020-10-03T08:19:28","guid":{"rendered":"https:\/\/iaaa.lis-lab.fr\/?page_id=767"},"modified":"2022-10-18T16:41:05","modified_gmt":"2022-10-18T14:41:05","slug":"liste-de-sujets-de-stages-proposes-aux-master-iaaa","status":"publish","type":"page","link":"https:\/\/iaaa.lis-lab.fr\/?page_id=767","title":{"rendered":"Sujets de stages propos\u00e9s aux \u00e9tudiant.e.s en M2"},"content":{"rendered":"<p>Vous pourrez trouver dans le r\u00e9pertoire partag\u00e9 dont le lien a \u00e9t\u00e9 donn\u00e9 sur le mattermost du master une liste des sujets de stages propos\u00e9s \u00e0 ce jour et les fichiers d\u00e9crivant ces sujets plus en d\u00e9tail. Ce r\u00e9pertoire ne vous est accessible que si vous \u00eates \u00e9tudiant.e en M2 IAAA.<\/p>\n","protected":false},"excerpt":{"rendered":"<p>Vous pourrez trouver dans le r\u00e9pertoire partag\u00e9 dont le lien a \u00e9t\u00e9 donn\u00e9 sur le mattermost du master une liste des sujets de stages propos\u00e9s \u00e0 ce jour et les fichiers d\u00e9crivant ces sujets plus en d\u00e9tail. Ce r\u00e9pertoire ne vous est accessible que si vous \u00eates \u00e9tudiant.e en M2 IAAA.<\/p>\n","protected":false},"author":3,"featured_media":0,"parent":0,"menu_order":0,"comment_status":"closed","ping_status":"closed","template":"","meta":{"footnotes":""},"class_list":["post-767","page","type-page","status-publish","hentry"],"_links":{"self":[{"href":"https:\/\/iaaa.lis-lab.fr\/index.php?rest_route=\/wp\/v2\/pages\/767","targetHints":{"allow":["GET"]}}],"collection":[{"href":"https:\/\/iaaa.lis-lab.fr\/index.php?rest_route=\/wp\/v2\/pages"}],"about":[{"href":"https:\/\/iaaa.lis-lab.fr\/index.php?rest_route=\/wp\/v2\/types\/page"}],"author":[{"embeddable":true,"href":"https:\/\/iaaa.lis-lab.fr\/index.php?rest_route=\/wp\/v2\/users\/3"}],"replies":[{"embeddable":true,"href":"https:\/\/iaaa.lis-lab.fr\/index.php?rest_route=%2Fwp%2Fv2%2Fcomments&post=767"}],"version-history":[{"count":5,"href":"https:\/\/iaaa.lis-lab.fr\/index.php?rest_route=\/wp\/v2\/pages\/767\/revisions"}],"predecessor-version":[{"id":928,"href":"https:\/\/iaaa.lis-lab.fr\/index.php?rest_route=\/wp\/v2\/pages\/767\/revisions\/928"}],"wp:attachment":[{"href":"https:\/\/iaaa.lis-lab.fr\/index.php?rest_route=%2Fwp%2Fv2%2Fmedia&parent=767"}],"curies":[{"name":"wp","href":"https:\/\/api.w.org\/{rel}","templated":true}]}}