{"id":86,"date":"2018-04-26T10:09:38","date_gmt":"2018-04-26T08:09:38","guid":{"rendered":"https:\/\/iaaa.lis-lab.fr\/?page_id=86"},"modified":"2025-08-02T09:46:53","modified_gmt":"2025-08-02T07:46:53","slug":"calendrier","status":"publish","type":"page","link":"https:\/\/iaaa.lis-lab.fr\/?page_id=86","title":{"rendered":"Calendrier"},"content":{"rendered":"<h2 style=\"text-align: center;\">Calendrier du M2 IAAA<\/h2>\n<h2>Promotion 2025-2026<\/h2>\n<ul>\n<li>R\u00e9union de rentr\u00e9e : Lundi 1er septembre 2025 (pr\u00e9cisions \u00e0 venir)<\/li>\n<\/ul>\n<ul>\n<li>Premier Semestre\n<ul>\n<li>Septembre &#8211; janvier<\/li>\n<\/ul>\n<\/li>\n<\/ul>\n<ul>\n<li>Deuxi\u00e8me semestre\n<ul>\n<li><span style=\"color: initial; font-family: -apple-system, BlinkMacSystemFont, 'Segoe UI', Roboto, Oxygen-Sans, Ubuntu, Cantarell, 'Helvetica Neue', sans-serif;\">TER : F\u00e9vrier Mars<\/span><\/li>\n<li>Stage de Avril \u00e0 Aout\/Septembre\n<ul>\n<li>Soutenances premi\u00e8re quinzaine de septembre<\/li>\n<\/ul>\n<\/li>\n<\/ul>\n<\/li>\n<\/ul>\n<hr \/>\n<ul>\n<li>Plans des sites d&rsquo;enseignement\n<ul>\n<li>Saint Jerome<img loading=\"lazy\" decoding=\"async\" class=\"aligncenter wp-image-563 size-medium\" src=\"https:\/\/iaaa.lis-lab.fr\/wp-content\/uploads\/2019\/09\/StJerome-300x208.png\" alt=\"\" width=\"300\" height=\"208\" srcset=\"https:\/\/iaaa.lis-lab.fr\/wp-content\/uploads\/2019\/09\/StJerome-300x208.png 300w, https:\/\/iaaa.lis-lab.fr\/wp-content\/uploads\/2019\/09\/StJerome-768x533.png 768w, https:\/\/iaaa.lis-lab.fr\/wp-content\/uploads\/2019\/09\/StJerome-1024x711.png 1024w, https:\/\/iaaa.lis-lab.fr\/wp-content\/uploads\/2019\/09\/StJerome.png 1620w\" sizes=\"auto, (max-width: 300px) 100vw, 300px\" \/><\/li>\n<li><a href=\"https:\/\/sciences.univ-amu.fr\/fr\/sites-campus\/marseille-site-saint-charles\">Saint Charles (suivre le lien)<\/a><\/li>\n<li><a href=\"https:\/\/www.centrale-marseille.fr\/fr\/acces-0\">Ecole Centrale Marseille\u00a0(suivre le lien)<\/a><\/li>\n<li><a href=\"https:\/\/www.google.com\/maps\/place\/C.+M.+I.+Centre+de+Math%C3%A9matiques+et+Informatique\/@43.3431281,5.4355078,15z\/data=!4m2!3m1!1s0x0:0x942bcb0c161c38f1?sa=X&amp;ved=2ahUKEwi0hseN5ev5AhUOi_0HHZTeA3AQ_BJ6BAhFEAU\">Centre Math\u00e9matiques et Informatique (CMI)<\/a><\/li>\n<\/ul>\n<\/li>\n<\/ul>\n<hr \/>\n<h2 style=\"text-align: center;\">Emploi du temps (en construction) du master I3A<\/h2>\n<p style=\"text-align: center;\"><a href=\"https:\/\/iaaa.lis-lab.fr\/wp-content\/uploads\/2018\/07\/EDT-DIGTALE-et-I3A-IAAA-1.png\"><div align=\"center\"><iframe loading=\"lazy\" src=\"https:\/\/calendar.google.com\/calendar\/embed?src=04fv8pnmpjsc07ocl79klrficc%40group.calendar.google.com&ctz=Europe%2FParis&src=ufb45sajbfkvpa6tr88gt1k82g%40group.calendar.google.com&ctz=Europe%2FParis&src=ka7a878vs8ra91fl4bv5suao38%40group.calendar.google.com&ctz=Europe%2FParis&src=f6ekh3tasi84uvth7ma3aj5md0%40group.calendar.google.com&ctz=Europe%2FParis&src=qv76djhncp03n6sgsccvlimkvo%40group.calendar.google.com&ctz=Europe%2FParis&src=kdn994pk70j03rhb8sq4r98hpk%40group.calendar.google.com&ctz=Europe%2FParis&src=d75c198f5b420e82e67f8403f27c8f35a8f4137aff0a97cfcd9f7938f4aca48c%40group.calendar.google.com&ctz=Europe%2FParis&src=kceted5n2m73ro6rd86ogcvg4o%40group.calendar.google.com&ctz=Europe%2FParis&src=\"https:\/\/calendar.google.com\/calendar\/embed?src=9eccc66ae91a4db4122d29b6434ba8876ef3b5889d90dcbed089fcf733338b9e%40group.calendar.google.com&ctz=Europe%2FParis\"\u00a0 style=\"border: 0\" width=\"800\" height=\"600\" frameborder=\"0\" scrolling=\"no\"><\/iframe><\/div><\/a><\/p>\n<hr \/>\n<h2 style=\"text-align: center;\">Emploi du temps (en construction) du master I3A pour les centraliens suivant l&rsquo;UE IAM de l&rsquo;option Informatique en 3A \u00e0 l&rsquo;ECM<\/h2>\n<p style=\"text-align: center;\"><a href=\"https:\/\/iaaa.lis-lab.fr\/wp-content\/uploads\/2018\/07\/EDT-DIGTALE-et-I3A-IAAA-1.png\"><div align=\"center\"><iframe loading=\"lazy\" src=\"https:\/\/calendar.google.com\/calendar\/embed?src=la64au64ik83nvuun335don058%40group.calendar.google.com&ctz=Europe%2FParis&src=7m05lbgj87tr0tshnq2ojhc5f4%40group.calendar.google.com&ctz=Europe%2FParis&src=v9fuelufbhr66e4olhumntdj5c%40group.calendar.google.com&ctz=Europe%2FParis&src=04fv8pnmpjsc07ocl79klrficc%40group.calendar.google.com&ctz=Europe%2FParis&src=ufb45sajbfkvpa6tr88gt1k82g%40group.calendar.google.com&ctz=Europe%2FParis&src=ka7a878vs8ra91fl4bv5suao38%40group.calendar.google.com&ctz=Europe%2FParis&src=kdn994pk70j03rhb8sq4r98hpk%40group.calendar.google.com&ctz=Europe%2FParis&src=f6ekh3tasi84uvth7ma3aj5md0%40group.calendar.google.com&ctz=Europe%2FParis&src=qv76djhncp03n6sgsccvlimkvo%40group.calendar.google.com&ctz=Europe%2FParis&src=q9l04toja7dg6jhcjq6cdtlqu8%40group.calendar.google.com&ctz=Europe%2FParis&src=d75c198f5b420e82e67f8403f27c8f35a8f4137aff0a97cfcd9f7938f4aca48c%40group.calendar.google.com&ctz=Europe%2FParis&src=\"https:\/\/calendar.google.com\/calendar\/embed?src=9eccc66ae91a4db4122d29b6434ba8876ef3b5889d90dcbed089fcf733338b9e%40group.calendar.google.com&ctz=Europe%2FParis\"\u00a0\u00a0 style=\"border: 0\" width=\"800\" height=\"600\" frameborder=\"0\" scrolling=\"no\"><\/iframe><\/div><\/a><\/p>\n<hr \/>\n","protected":false},"excerpt":{"rendered":"<p>Calendrier du M2 IAAA Promotion 2025-2026 R\u00e9union de rentr\u00e9e : Lundi 1er septembre 2025 (pr\u00e9cisions \u00e0 venir) Premier Semestre Septembre &#8211; janvier Deuxi\u00e8me semestre TER : F\u00e9vrier Mars Stage de Avril \u00e0 Aout\/Septembre Soutenances premi\u00e8re quinzaine de septembre Plans des sites d&rsquo;enseignement Saint Jerome Saint Charles (suivre le lien) Ecole Centrale Marseille\u00a0(suivre le lien) Centre&hellip;<\/p>\n","protected":false},"author":3,"featured_media":0,"parent":0,"menu_order":0,"comment_status":"closed","ping_status":"closed","template":"","meta":{"footnotes":""},"class_list":["post-86","page","type-page","status-publish","hentry"],"_links":{"self":[{"href":"https:\/\/iaaa.lis-lab.fr\/index.php?rest_route=\/wp\/v2\/pages\/86","targetHints":{"allow":["GET"]}}],"collection":[{"href":"https:\/\/iaaa.lis-lab.fr\/index.php?rest_route=\/wp\/v2\/pages"}],"about":[{"href":"https:\/\/iaaa.lis-lab.fr\/index.php?rest_route=\/wp\/v2\/types\/page"}],"author":[{"embeddable":true,"href":"https:\/\/iaaa.lis-lab.fr\/index.php?rest_route=\/wp\/v2\/users\/3"}],"replies":[{"embeddable":true,"href":"https:\/\/iaaa.lis-lab.fr\/index.php?rest_route=%2Fwp%2Fv2%2Fcomments&post=86"}],"version-history":[{"count":47,"href":"https:\/\/iaaa.lis-lab.fr\/index.php?rest_route=\/wp\/v2\/pages\/86\/revisions"}],"predecessor-version":[{"id":994,"href":"https:\/\/iaaa.lis-lab.fr\/index.php?rest_route=\/wp\/v2\/pages\/86\/revisions\/994"}],"wp:attachment":[{"href":"https:\/\/iaaa.lis-lab.fr\/index.php?rest_route=%2Fwp%2Fv2%2Fmedia&parent=86"}],"curies":[{"name":"wp","href":"https:\/\/api.w.org\/{rel}","templated":true}]}}